{"id":25,"date":"2024-07-01T14:25:31","date_gmt":"2024-07-01T12:25:31","guid":{"rendered":"https:\/\/juil1e.atelierssiteweb.com\/?page_id=25"},"modified":"2025-02-12T13:34:03","modified_gmt":"2025-02-12T12:34:03","slug":"formations","status":"publish","type":"page","link":"https:\/\/mduez.fr\/index.php\/formations\/","title":{"rendered":"Formations"},"content":{"rendered":"\t\t<div data-elementor-type=\"wp-page\" data-elementor-id=\"25\" class=\"elementor elementor-25\">\n\t\t\t\t<div class=\"elementor-element elementor-element-3f5f2683 e-flex e-con-boxed e-con e-parent\" data-id=\"3f5f2683\" data-element_type=\"container\">\n\t\t\t\t\t<div class=\"e-con-inner\">\n\t\t\t\t<div class=\"elementor-element elementor-element-1e8dad87 elementor-widget elementor-widget-text-editor\" data-id=\"1e8dad87\" data-element_type=\"widget\" data-widget_type=\"text-editor.default\">\n\t\t\t\t<div class=\"elementor-widget-container\">\n\t\t\t\t\t\t\t\t\t<p>Mise en place de formations&nbsp;<\/p>\n<p>sur mesure, sur demande :&nbsp;<\/p><p><br><\/p>\n<p><\/p>\n<p><strong>Sensibilisation \u00e0 la sant\u00e9<\/strong><\/p><p><strong>mentale<\/strong>&nbsp; &nbsp; &nbsp;&nbsp;<\/p><p>&nbsp; &nbsp; &nbsp; &nbsp; &nbsp; &nbsp; &nbsp; &nbsp; &nbsp; &nbsp; &nbsp; &nbsp;<\/p>\n<p><strong style=\"font-size: 21px; color: var( --e-global-color-text ); text-align: var(--text-align);\">D\u00e9velopper sa force mentale&nbsp; &nbsp; &nbsp; &nbsp; &nbsp;&nbsp;<\/strong><\/p>\n<p><strong>Sensibilisation aux RPS&nbsp; &nbsp; &nbsp; &nbsp; &nbsp; &nbsp; &nbsp; &nbsp; &nbsp; &nbsp;<\/strong><\/p>\n<p><strong>Gestion du stress<\/strong>&nbsp;&nbsp;&nbsp;&nbsp;&nbsp;&nbsp;&nbsp;&nbsp;&nbsp;&nbsp;&nbsp;&nbsp;&nbsp;&nbsp;&nbsp;&nbsp;&nbsp; &nbsp;&nbsp;&nbsp;&nbsp;&nbsp;&nbsp;&nbsp;&nbsp;&nbsp;&nbsp;&nbsp;&nbsp;<\/p>\n<p><strong style=\"font-size: 21px; color: var( --e-global-color-text ); text-align: var(--text-align);\">Gestion de conflits<\/strong><span style=\"font-size: 21px; color: var( --e-global-color-text ); text-align: var(--text-align);\">&nbsp; &nbsp; &nbsp; &nbsp; &nbsp; &nbsp; &nbsp; &nbsp; &nbsp; &nbsp; &nbsp; &nbsp; &nbsp; &nbsp;&nbsp;<\/span><\/p>\n<p><strong style=\"font-size: 21px; color: var( --e-global-color-text ); text-align: var(--text-align);\">Gestion des \u00e9motions&nbsp; &nbsp; &nbsp; &nbsp; &nbsp; &nbsp; &nbsp; &nbsp; &nbsp; &nbsp; &nbsp; &nbsp;<\/strong><\/p>\n<p><strong style=\"font-size: 21px; color: var( --e-global-color-text ); text-align: var(--text-align);\">Gestion des incivilit\u00e9s&nbsp;<\/strong><strong style=\"font-size: 21px; color: var( --e-global-color-text ); text-align: var(--text-align);\">&nbsp; &nbsp; &nbsp; &nbsp; &nbsp; &nbsp; &nbsp; &nbsp; &nbsp; &nbsp; &nbsp;&nbsp;<\/strong><\/p>\n<p><strong>Harc\u00e8lement (moral, sexuel,<\/strong><\/p><p><strong>VSS)&nbsp; &nbsp; &nbsp; &nbsp; &nbsp; &nbsp;&nbsp;<\/strong><\/p>\n<p><strong style=\"font-size: 21px; color: var( --e-global-color-text ); text-align: var(--text-align);\">Bases de management&nbsp; &nbsp; &nbsp; &nbsp; &nbsp; &nbsp; &nbsp; &nbsp; &nbsp; &nbsp; &nbsp;<\/strong><\/p>\n<p><strong style=\"font-size: 21px; color: var( --e-global-color-text ); text-align: var(--text-align);\">Bases des techniques de<\/strong><\/p><p><strong style=\"font-size: 21px; color: var( --e-global-color-text ); text-align: var(--text-align);\">communication<\/strong><span style=\"font-size: 21px; color: var( --e-global-color-text ); text-align: var(--text-align);\">&nbsp; &nbsp; &nbsp; &nbsp; &nbsp; &nbsp; &nbsp; &nbsp;&nbsp;<\/span><\/p><p><span style=\"font-size: 21px; color: var( --e-global-color-text ); text-align: var(--text-align);\"><br><\/span><\/p>\n<p><strong style=\"font-size: 21px; color: var( --e-global-color-text ); text-align: var(--text-align);\">Communication bienveillante<\/strong><\/p><p><strong style=\"font-size: 21px; color: var( --e-global-color-text ); text-align: var(--text-align);\">&nbsp; &nbsp; &nbsp; &nbsp; &nbsp;&nbsp;<\/strong><\/p>\n<p><strong>Techniques de<\/strong><\/p><p><strong>communication&nbsp;<\/strong><strong style=\"font-size: 21px; color: var( --e-global-color-text ); text-align: var(--text-align);\">pour<\/strong><\/p><p><strong style=\"font-size: 21px; color: var( --e-global-color-text ); text-align: var(--text-align);\">assistants de pr\u00e9vention&nbsp;<\/strong><\/p><p><strong style=\"font-size: 21px; color: var( --e-global-color-text ); text-align: var(--text-align);\">&nbsp;&nbsp;&nbsp;<\/strong><\/p>\n<p><strong style=\"font-size: 21px; color: var( --e-global-color-text ); text-align: var(--text-align);\">Prise de parole en public<\/strong><span style=\"font-size: 21px; color: var( --e-global-color-text ); text-align: var(--text-align);\">&nbsp; &nbsp; &nbsp; &nbsp; &nbsp; &nbsp; &nbsp; &nbsp; &nbsp; &nbsp; &nbsp; &nbsp; &nbsp; &nbsp; &nbsp; &nbsp; &nbsp;&nbsp;<\/span><\/p>\n<p><strong style=\"font-size: 21px; color: var( --e-global-color-text ); text-align: var(--text-align);\">Gestion des personnalit\u00e9s<\/strong><\/p><p><strong style=\"font-size: 21px; color: var( --e-global-color-text ); text-align: var(--text-align);\">difficiles&nbsp; &nbsp; &nbsp; &nbsp; &nbsp; &nbsp; &nbsp; &nbsp;<\/strong><\/p><p><strong style=\"font-size: 21px; color: var( --e-global-color-text ); text-align: var(--text-align);\"><br><\/strong><\/p>\n<p><strong style=\"font-size: 21px; color: var( --e-global-color-text ); text-align: var(--text-align);\">Distanciation professionnelle&nbsp;<\/strong><\/p>\n<p>(destin\u00e9e aux RH,<\/p><p>&nbsp;managers,&nbsp;<span style=\"font-size: 21px; color: var( --e-global-color-text ); text-align: var(--text-align);\">professions \u00e0<\/span><\/p><p><span style=\"font-size: 21px; color: var( --e-global-color-text ); text-align: var(--text-align);\">&nbsp;l\u2019aspect social\u2026)&nbsp;&nbsp;<\/span><\/p>\n<p><span style=\"font-size: 21px; color: var( --e-global-color-text ); text-align: var(--text-align);\">&nbsp;<\/span><\/p>\n<p><strong style=\"font-size: 21px; color: var( --e-global-color-text ); text-align: var(--text-align);\">La psychologie positive&nbsp; &nbsp; &nbsp; &nbsp; &nbsp; &nbsp;&nbsp;<\/strong><\/p>\n<p><strong style=\"font-size: 21px; color: var( --e-global-color-text ); text-align: var(--text-align);\">Pr\u00e9paration \u00e0 la retraite<\/strong><span style=\"font-size: 21px; color: var( --e-global-color-text ); text-align: var(--text-align);\">&nbsp; &nbsp; &nbsp; &nbsp; &nbsp; &nbsp; &nbsp; &nbsp; &nbsp; &nbsp; &nbsp; &nbsp; &nbsp; &nbsp; &nbsp; &nbsp; &nbsp; &nbsp; &nbsp;<\/span><\/p>\n<p><strong style=\"font-size: 21px; color: var( --e-global-color-text ); text-align: var(--text-align);\">Sommeil et rythmes de vie&nbsp; &nbsp; &nbsp; &nbsp; &nbsp; &nbsp; &nbsp; &nbsp; &nbsp; &nbsp; &nbsp; &nbsp; &nbsp; &nbsp; &nbsp; &nbsp;&nbsp;<\/strong><\/p>\n<p><strong style=\"font-size: 21px; color: var( --e-global-color-text ); text-align: var(--text-align);\">Apprendre \u00e0 d\u00e9connecter<\/strong><\/p><p><strong style=\"font-size: 21px; color: var( --e-global-color-text ); text-align: var(--text-align);\">(NTIC)&nbsp; &nbsp; &nbsp; &nbsp; &nbsp; &nbsp; &nbsp; &nbsp;&nbsp;<\/strong><\/p><p><strong style=\"font-size: 21px; color: var( --e-global-color-text ); text-align: var(--text-align);\">&nbsp; &nbsp; &nbsp;<\/strong><\/p>\n<p><strong>Accompagnement au<\/strong><\/p><p><strong>changement&nbsp; &nbsp; &nbsp; &nbsp; &nbsp; &nbsp; &nbsp; &nbsp;&nbsp;<\/strong><\/p><p><strong>&nbsp; &nbsp;<\/strong><\/p>\n<p><strong style=\"font-size: 21px; color: var( --e-global-color-text ); text-align: var(--text-align);\">Mobilit\u00e9 dans la fonction<\/strong><\/p><p><strong style=\"font-size: 21px; color: var( --e-global-color-text ); text-align: var(--text-align);\">publique&nbsp;<\/strong><\/p>\n<p>(les 3 fonctions publiques,<\/p><p>&nbsp;d\u00e9tachement, mise<\/p><p>&nbsp;\u00e0&nbsp;<span style=\"font-size: 21px; color: var( --e-global-color-text ); text-align: var(--text-align);\">disposition, disponibilit\u00e9\u2026)&nbsp; &nbsp; &nbsp; &nbsp; &nbsp;<\/span><\/p>\n<p><\/p>\n<p><strong>Prendre en main sa carri\u00e8re<\/strong><\/p><p><strong>et conna\u00eetre ses droits&nbsp;<\/strong><\/p>\n<p><span style=\"font-family: Roboto, sans-serif; font-size: 21px; font-style: normal; font-variant-ligatures: normal; font-variant-caps: normal; font-weight: 400; color: var( --e-global-color-text ); text-align: var(--text-align);\">(CPF, PTP, BC, VAE, CEP\u2026)&nbsp;&nbsp;<\/span><\/p><p><span style=\"font-family: Roboto, sans-serif; font-size: 21px; font-style: normal; font-variant-ligatures: normal; font-variant-caps: normal; font-weight: 400; color: var( --e-global-color-text ); text-align: var(--text-align);\">&nbsp;&nbsp;<\/span><\/p>\n<p><strong style=\"font-size: 21px; color: var( --e-global-color-text ); text-align: var(--text-align);\">Pr\u00e9paration orale et travail de<\/strong><\/p><p><strong style=\"font-size: 21px; color: var( --e-global-color-text ); text-align: var(--text-align);\">mise en situation pour<\/strong><\/p><p><strong style=\"font-size: 21px; color: var( --e-global-color-text ); text-align: var(--text-align);\">concours<\/strong><\/p>\n<p>(selon le nombre de<\/p><p>&nbsp;candidats)<\/p>\n<p><!-- \/wp:paragraph --><\/p>\t\t\t\t\t\t\t\t<\/div>\n\t\t\t\t<\/div>\n\t\t\t\t\t<\/div>\n\t\t\t\t<\/div>\n\t\t<div class=\"elementor-element elementor-element-6422969 e-flex e-con-boxed e-con e-parent\" data-id=\"6422969\" data-element_type=\"container\">\n\t\t\t\t\t<div class=\"e-con-inner\">\n\t\t\t\t<div class=\"elementor-element elementor-element-9e4a5e2 elementor-widget-divider--view-line elementor-widget elementor-widget-divider\" data-id=\"9e4a5e2\" data-element_type=\"widget\" data-widget_type=\"divider.default\">\n\t\t\t\t<div class=\"elementor-widget-container\">\n\t\t\t\t\t\t\t<div class=\"elementor-divider\">\n\t\t\t<span class=\"elementor-divider-separator\">\n\t\t\t\t\t\t<\/span>\n\t\t<\/div>\n\t\t\t\t\t\t<\/div>\n\t\t\t\t<\/div>\n\t\t\t\t\t<\/div>\n\t\t\t\t<\/div>\n\t\t\t\t<\/div>\n\t\t","protected":false},"excerpt":{"rendered":"<p>Mise en place de formations&nbsp; sur mesure, sur demande :&nbsp; Sensibilisation \u00e0 la sant\u00e9 mentale&nbsp; &nbsp; &nbsp;&nbsp; &nbsp; &nbsp; &nbsp; &nbsp; &nbsp; &nbsp; &nbsp; &nbsp; &nbsp; &nbsp; &nbsp; &nbsp; D\u00e9velopper sa force mentale&nbsp; &nbsp; &nbsp; &nbsp; &nbsp;&nbsp; Sensibilisation aux RPS&nbsp; &nbsp; &nbsp; &nbsp; &nbsp; &nbsp; &nbsp; &nbsp; &nbsp; &nbsp; Gestion du stress&nbsp;&nbsp;&nbsp;&nbsp;&nbsp;&nbsp;&nbsp;&nbsp;&nbsp;&nbsp;&nbsp;&nbsp;&nbsp;&nbsp;&nbsp;&nbsp;&nbsp; &nbsp;&nbsp;&nbsp;&nbsp;&nbsp;&nbsp;&nbsp;&nbsp;&nbsp;&nbsp;&nbsp;&nbsp; Gestion de [&hellip;]<\/p>\n","protected":false},"author":1,"featured_media":0,"parent":0,"menu_order":0,"comment_status":"closed","ping_status":"closed","template":"","meta":{"footnotes":""},"class_list":["post-25","page","type-page","status-publish","hentry","entry"],"_links":{"self":[{"href":"https:\/\/mduez.fr\/index.php\/wp-json\/wp\/v2\/pages\/25","targetHints":{"allow":["GET"]}}],"collection":[{"href":"https:\/\/mduez.fr\/index.php\/wp-json\/wp\/v2\/pages"}],"about":[{"href":"https:\/\/mduez.fr\/index.php\/wp-json\/wp\/v2\/types\/page"}],"author":[{"embeddable":true,"href":"https:\/\/mduez.fr\/index.php\/wp-json\/wp\/v2\/users\/1"}],"replies":[{"embeddable":true,"href":"https:\/\/mduez.fr\/index.php\/wp-json\/wp\/v2\/comments?post=25"}],"version-history":[{"count":49,"href":"https:\/\/mduez.fr\/index.php\/wp-json\/wp\/v2\/pages\/25\/revisions"}],"predecessor-version":[{"id":584,"href":"https:\/\/mduez.fr\/index.php\/wp-json\/wp\/v2\/pages\/25\/revisions\/584"}],"wp:attachment":[{"href":"https:\/\/mduez.fr\/index.php\/wp-json\/wp\/v2\/media?parent=25"}],"curies":[{"name":"wp","href":"https:\/\/api.w.org\/{rel}","templated":true}]}}