{"id":34,"date":"2024-07-01T14:29:27","date_gmt":"2024-07-01T12:29:27","guid":{"rendered":"https:\/\/juil1e.atelierssiteweb.com\/?page_id=34"},"modified":"2024-07-01T14:29:27","modified_gmt":"2024-07-01T12:29:27","slug":"ecoute-du-personnel","status":"publish","type":"page","link":"https:\/\/mduez.fr\/index.php\/ecoute-du-personnel\/","title":{"rendered":"Ecoute individuelle du personnel"},"content":{"rendered":"\n<p class=\"has-medium-font-size\"><strong>Entretiens RPS<\/strong>&nbsp;: soutien psychologique aupr\u00e8s des salari\u00e9s \/ agents en souffrance au travail (apr\u00e8s mise en place d\u2019une convention ou d&rsquo;un accord avec l&#8217;employeur \/ l&rsquo;administration).<\/p>\n\n\n\n<p>Conditions de r\u00e9alisation : les entretiens peuvent se d\u00e9rouler dans les locaux de l&#8217;employeur (bureau ou salle assurant la confidentialit\u00e9 des \u00e9changes et la discr\u00e9tion sur l&rsquo;identit\u00e9 du demandeur), au cabinet, ou \u00e0 distance (par t\u00e9l\u00e9phone ou en visioconf\u00e9rence).<\/p>\n\n\n\n<p>Dur\u00e9e : 1 entretien RPS peut durer jusqu&rsquo;\u00e0 1H30 par personne, selon le besoin d&rsquo;\u00e9coute.<\/p>\n","protected":false},"excerpt":{"rendered":"<p>Entretiens RPS&nbsp;: soutien psychologique aupr\u00e8s des salari\u00e9s \/ agents en souffrance au travail (apr\u00e8s mise en place d\u2019une convention ou d&rsquo;un accord avec l&#8217;employeur \/ l&rsquo;administration). Conditions de r\u00e9alisation : les entretiens peuvent se d\u00e9rouler dans les locaux de l&#8217;employeur (bureau ou salle assurant la confidentialit\u00e9 des \u00e9changes et la discr\u00e9tion sur l&rsquo;identit\u00e9 du demandeur), [&hellip;]<\/p>\n","protected":false},"author":1,"featured_media":0,"parent":0,"menu_order":0,"comment_status":"closed","ping_status":"closed","template":"","meta":{"footnotes":""},"class_list":["post-34","page","type-page","status-publish","hentry","entry"],"_links":{"self":[{"href":"https:\/\/mduez.fr\/index.php\/wp-json\/wp\/v2\/pages\/34","targetHints":{"allow":["GET"]}}],"collection":[{"href":"https:\/\/mduez.fr\/index.php\/wp-json\/wp\/v2\/pages"}],"about":[{"href":"https:\/\/mduez.fr\/index.php\/wp-json\/wp\/v2\/types\/page"}],"author":[{"embeddable":true,"href":"https:\/\/mduez.fr\/index.php\/wp-json\/wp\/v2\/users\/1"}],"replies":[{"embeddable":true,"href":"https:\/\/mduez.fr\/index.php\/wp-json\/wp\/v2\/comments?post=34"}],"version-history":[{"count":0,"href":"https:\/\/mduez.fr\/index.php\/wp-json\/wp\/v2\/pages\/34\/revisions"}],"wp:attachment":[{"href":"https:\/\/mduez.fr\/index.php\/wp-json\/wp\/v2\/media?parent=34"}],"curies":[{"name":"wp","href":"https:\/\/api.w.org\/{rel}","templated":true}]}}