{"id":426,"date":"2024-07-26T11:00:02","date_gmt":"2024-07-26T09:00:02","guid":{"rendered":"https:\/\/juil1e.atelierssiteweb.com\/?page_id=426"},"modified":"2024-07-26T11:00:02","modified_gmt":"2024-07-26T09:00:02","slug":"public-pris-en-charge","status":"publish","type":"page","link":"https:\/\/mduez.fr\/index.php\/public-pris-en-charge\/","title":{"rendered":"Public pris en charge"},"content":{"rendered":"\t\t<div data-elementor-type=\"wp-page\" data-elementor-id=\"426\" class=\"elementor elementor-426\">\n\t\t\t\t<div class=\"elementor-element elementor-element-260a095d e-flex e-con-boxed e-con e-parent\" data-id=\"260a095d\" data-element_type=\"container\">\n\t\t\t\t\t<div class=\"e-con-inner\">\n\t\t\t\t<div class=\"elementor-element elementor-element-74b835a6 elementor-widget elementor-widget-text-editor\" data-id=\"74b835a6\" data-element_type=\"widget\" data-widget_type=\"text-editor.default\">\n\t\t\t\t<div class=\"elementor-widget-container\">\n\t\t\t\t\t\t\t\t\t\n<h2 class=\"wp-block-heading has-medium-font-size\"><br \/>Public pris en charge :<\/h2>\n\n<p>&#8211; \u00e0 partir de 15 ans pour le soutien psychologique et le coaching (selon les th\u00e9matiques)<br \/>&#8211; \u00e0 partir de 17 ans pour l&rsquo;orientation scolaire ou professionnelle et la gestion de carri\u00e8re<\/p>\n\n<h2><strong>Dur\u00e9e du RDV<\/strong> : 1H<br \/><br \/><strong>Prise de RDV directe<\/strong> sur Doctolib :<br \/><a href=\"https:\/\/www.doctolib.fr\/psychologue\/nancy\/manola-duez\">https:\/\/www.doctolib.fr\/psychologue\/nancy\/manola-duez<\/a><\/h2>\n\n<p>\u00a0<\/p>\n\t\t\t\t\t\t\t\t<\/div>\n\t\t\t\t<\/div>\n\t\t\t\t\t<\/div>\n\t\t\t\t<\/div>\n\t\t<div class=\"elementor-element elementor-element-064a3bd e-flex e-con-boxed e-con e-parent\" data-id=\"064a3bd\" data-element_type=\"container\">\n\t\t\t\t\t<div class=\"e-con-inner\">\n\t\t\t\t<div class=\"elementor-element elementor-element-e9434c3 elementor-widget elementor-widget-heading\" data-id=\"e9434c3\" data-element_type=\"widget\" data-widget_type=\"heading.default\">\n\t\t\t\t<div class=\"elementor-widget-container\">\n\t\t\t\t\t<h2 class=\"elementor-heading-title elementor-size-default\">Ajoutez votre titre ici<\/h2>\t\t\t\t<\/div>\n\t\t\t\t<\/div>\n\t\t\t\t\t<\/div>\n\t\t\t\t<\/div>\n\t\t\t\t<\/div>\n\t\t","protected":false},"excerpt":{"rendered":"<p>Public pris en charge : &#8211; \u00e0 partir de 15 ans pour le soutien psychologique et le coaching (selon les th\u00e9matiques)&#8211; \u00e0 partir de 17 ans pour l&rsquo;orientation scolaire ou professionnelle et la gestion de carri\u00e8re Dur\u00e9e du RDV : 1H Prise de RDV directe sur Doctolib :https:\/\/www.doctolib.fr\/psychologue\/nancy\/manola-duez \u00a0 Ajoutez votre titre ici<\/p>\n","protected":false},"author":1,"featured_media":0,"parent":0,"menu_order":0,"comment_status":"closed","ping_status":"closed","template":"","meta":{"footnotes":""},"class_list":["post-426","page","type-page","status-publish","hentry","entry"],"_links":{"self":[{"href":"https:\/\/mduez.fr\/index.php\/wp-json\/wp\/v2\/pages\/426","targetHints":{"allow":["GET"]}}],"collection":[{"href":"https:\/\/mduez.fr\/index.php\/wp-json\/wp\/v2\/pages"}],"about":[{"href":"https:\/\/mduez.fr\/index.php\/wp-json\/wp\/v2\/types\/page"}],"author":[{"embeddable":true,"href":"https:\/\/mduez.fr\/index.php\/wp-json\/wp\/v2\/users\/1"}],"replies":[{"embeddable":true,"href":"https:\/\/mduez.fr\/index.php\/wp-json\/wp\/v2\/comments?post=426"}],"version-history":[{"count":0,"href":"https:\/\/mduez.fr\/index.php\/wp-json\/wp\/v2\/pages\/426\/revisions"}],"wp:attachment":[{"href":"https:\/\/mduez.fr\/index.php\/wp-json\/wp\/v2\/media?parent=426"}],"curies":[{"name":"wp","href":"https:\/\/api.w.org\/{rel}","templated":true}]}}