{"id":43,"date":"2024-07-01T14:31:27","date_gmt":"2024-07-01T12:31:27","guid":{"rendered":"https:\/\/juil1e.atelierssiteweb.com\/?page_id=43"},"modified":"2024-07-01T14:31:27","modified_gmt":"2024-07-01T12:31:27","slug":"mediation","status":"publish","type":"page","link":"https:\/\/mduez.fr\/index.php\/mediation\/","title":{"rendered":"M\u00e9diation"},"content":{"rendered":"\n<p class=\"has-medium-font-size\">Une \u00e9tude de faisabilit\u00e9 est r\u00e9alis\u00e9e en amont avec rencontre des acteurs individuellement.<\/p>\n\n\n\n<p class=\"has-medium-font-size\">Dur\u00e9e \u00e0 d\u00e9finir au cas par cas\u00a0: g\u00e9n\u00e9ralement une demi-journ\u00e9e ou une journ\u00e9e pour la rencontre de la hi\u00e9rarchie g\u00e9n\u00e9rale et locale. <\/p>\n\n\n\n<p class=\"has-medium-font-size\">+ 1 journ\u00e9e pour la rencontre des acteurs concern\u00e9s par le conflit.\u00a0 <\/p>\n\n\n\n<p class=\"has-medium-font-size\"><\/p>\n\n\n\n<p class=\"has-medium-font-size\">Mise en place d\u2019une m\u00e9diation si le contexte est favorable (dur\u00e9e \u00e0 d\u00e9finir)<\/p>\n","protected":false},"excerpt":{"rendered":"<p>Une \u00e9tude de faisabilit\u00e9 est r\u00e9alis\u00e9e en amont avec rencontre des acteurs individuellement. Dur\u00e9e \u00e0 d\u00e9finir au cas par cas\u00a0: g\u00e9n\u00e9ralement une demi-journ\u00e9e ou une journ\u00e9e pour la rencontre de la hi\u00e9rarchie g\u00e9n\u00e9rale et locale. + 1 journ\u00e9e pour la rencontre des acteurs concern\u00e9s par le conflit.\u00a0 Mise en place d\u2019une m\u00e9diation si le contexte [&hellip;]<\/p>\n","protected":false},"author":1,"featured_media":0,"parent":0,"menu_order":0,"comment_status":"closed","ping_status":"closed","template":"","meta":{"footnotes":""},"class_list":["post-43","page","type-page","status-publish","hentry","entry"],"_links":{"self":[{"href":"https:\/\/mduez.fr\/index.php\/wp-json\/wp\/v2\/pages\/43","targetHints":{"allow":["GET"]}}],"collection":[{"href":"https:\/\/mduez.fr\/index.php\/wp-json\/wp\/v2\/pages"}],"about":[{"href":"https:\/\/mduez.fr\/index.php\/wp-json\/wp\/v2\/types\/page"}],"author":[{"embeddable":true,"href":"https:\/\/mduez.fr\/index.php\/wp-json\/wp\/v2\/users\/1"}],"replies":[{"embeddable":true,"href":"https:\/\/mduez.fr\/index.php\/wp-json\/wp\/v2\/comments?post=43"}],"version-history":[{"count":0,"href":"https:\/\/mduez.fr\/index.php\/wp-json\/wp\/v2\/pages\/43\/revisions"}],"wp:attachment":[{"href":"https:\/\/mduez.fr\/index.php\/wp-json\/wp\/v2\/media?parent=43"}],"curies":[{"name":"wp","href":"https:\/\/api.w.org\/{rel}","templated":true}]}}